{"id":1089,"date":"2017-11-27T13:18:51","date_gmt":"2017-11-27T12:18:51","guid":{"rendered":"http:\/\/foodleader.pl\/?page_id=1089"},"modified":"2023-10-13T14:00:43","modified_gmt":"2023-10-13T12:00:43","slug":"sprzedaz-jaj","status":"publish","type":"page","link":"https:\/\/foodleader.pl\/ru\/oferta\/sprzedaz-jaj\/","title":{"rendered":"Sprzeda\u017c jaj"},"content":{"rendered":"<p class=\"qtranxs-available-languages-message qtranxs-available-languages-message-ru\">\u0418\u0437\u0432\u0438\u043d\u0438\u0442\u0435, \u044d\u0442\u043e\u0442 \u0442\u0435\u0445\u0442 \u0434\u043e\u0441\u0442\u0443\u043f\u0435\u043d \u0442\u043e\u043b\u044c\u043a\u043e \u0432 &ldquo;<a href=\"https:\/\/foodleader.pl\/pl\/wp-json\/wp\/v2\/pages\/1089\" class=\"qtranxs-available-language-link qtranxs-available-language-link-pl\" title=\"Polski\">Polski<\/a>&rdquo;.<\/p>","protected":false},"excerpt":{"rendered":"","protected":false},"author":3,"featured_media":0,"parent":1043,"menu_order":0,"comment_status":"closed","ping_status":"closed","template":"100-width.php","meta":{"footnotes":""},"class_list":["post-1089","page","type-page","status-publish","hentry"],"yoast_head":"<!-- This site is optimized with the Yoast SEO plugin v26.3 - https:\/\/yoast.com\/wordpress\/plugins\/seo\/ -->\n<title>Hurtownia jaj - sprzeda\u017c hurtowa jaj konsumpcyjnych - dystrybucja - handel | Hurt Food Leader<\/title>\n<meta name=\"description\" content=\"\u015awie\u017ce jaja konsumpcyjne - hurtownia jaj Food Leader oferuje sprzeda\u017c hurtow\u0105 jaj. Jaja pakowane hurtowo na palecie w kartonie lub w opakowaniach detalicznych.\" \/>\n<meta name=\"robots\" content=\"index, follow, max-snippet:-1, max-image-preview:large, max-video-preview:-1\" \/>\n<link rel=\"canonical\" href=\"https:\/\/foodleader.pl\/oferta\/sprzedaz-jaj\/\" \/>\n<meta property=\"og:locale\" content=\"ru_RU\" \/>\n<meta property=\"og:type\" content=\"article\" \/>\n<meta property=\"og:title\" content=\"Hurtownia jaj - sprzeda\u017c hurtowa jaj konsumpcyjnych - dystrybucja - handel | Hurt Food Leader\" \/>\n<meta property=\"og:description\" content=\"\u015awie\u017ce jaja konsumpcyjne - hurtownia jaj Food Leader oferuje sprzeda\u017c hurtow\u0105 jaj. Jaja pakowane hurtowo na palecie w kartonie lub w opakowaniach detalicznych.\" \/>\n<meta property=\"og:url\" content=\"https:\/\/foodleader.pl\/oferta\/sprzedaz-jaj\/\" \/>\n<meta property=\"og:site_name\" content=\"Food Leader\" \/>\n<meta property=\"article:modified_time\" content=\"2023-10-13T12:00:43+00:00\" \/>\n<meta property=\"og:image\" content=\"http:\/\/foodleader.pl\/wp-content\/uploads\/2016\/11\/market-1266663_1920-1-1024x685.jpg\" \/>\n<meta name=\"twitter:card\" content=\"summary_large_image\" \/>\n<meta name=\"twitter:label1\" content=\"\u041f\u0440\u0438\u043c\u0435\u0440\u043d\u043e\u0435 \u0432\u0440\u0435\u043c\u044f \u0434\u043b\u044f \u0447\u0442\u0435\u043d\u0438\u044f\" \/>\n\t<meta name=\"twitter:data1\" content=\"12 \u043c\u0438\u043d\u0443\u0442\" \/>\n<script type=\"application\/ld+json\" class=\"yoast-schema-graph\">{\"@context\":\"https:\/\/schema.org\",\"@graph\":[{\"@type\":\"WebPage\",\"@id\":\"https:\/\/foodleader.pl\/oferta\/sprzedaz-jaj\/\",\"url\":\"https:\/\/foodleader.pl\/oferta\/sprzedaz-jaj\/\",\"name\":\"Hurtownia jaj - sprzeda\u017c hurtowa jaj konsumpcyjnych - dystrybucja - handel | Hurt Food Leader\",\"isPartOf\":{\"@id\":\"https:\/\/foodleader.pl\/#website\"},\"primaryImageOfPage\":{\"@id\":\"https:\/\/foodleader.pl\/oferta\/sprzedaz-jaj\/#primaryimage\"},\"image\":{\"@id\":\"https:\/\/foodleader.pl\/oferta\/sprzedaz-jaj\/#primaryimage\"},\"thumbnailUrl\":\"http:\/\/foodleader.pl\/wp-content\/uploads\/2016\/11\/market-1266663_1920-1-1024x685.jpg\",\"datePublished\":\"2017-11-27T12:18:51+00:00\",\"dateModified\":\"2023-10-13T12:00:43+00:00\",\"description\":\"\u015awie\u017ce jaja konsumpcyjne - hurtownia jaj Food Leader oferuje sprzeda\u017c hurtow\u0105 jaj. Jaja pakowane hurtowo na palecie w kartonie lub w opakowaniach detalicznych.\",\"breadcrumb\":{\"@id\":\"https:\/\/foodleader.pl\/oferta\/sprzedaz-jaj\/#breadcrumb\"},\"inLanguage\":\"ru-RU\",\"potentialAction\":[{\"@type\":\"ReadAction\",\"target\":[\"https:\/\/foodleader.pl\/oferta\/sprzedaz-jaj\/\"]}]},{\"@type\":\"ImageObject\",\"inLanguage\":\"ru-RU\",\"@id\":\"https:\/\/foodleader.pl\/oferta\/sprzedaz-jaj\/#primaryimage\",\"url\":\"http:\/\/foodleader.pl\/wp-content\/uploads\/2016\/11\/market-1266663_1920-1-1024x685.jpg\",\"contentUrl\":\"http:\/\/foodleader.pl\/wp-content\/uploads\/2016\/11\/market-1266663_1920-1-1024x685.jpg\"},{\"@type\":\"BreadcrumbList\",\"@id\":\"https:\/\/foodleader.pl\/oferta\/sprzedaz-jaj\/#breadcrumb\",\"itemListElement\":[{\"@type\":\"ListItem\",\"position\":1,\"name\":\"Strona g\u0142\u00f3wna\",\"item\":\"https:\/\/foodleader.pl\/\"},{\"@type\":\"ListItem\",\"position\":2,\"name\":\"Oferta\",\"item\":\"https:\/\/foodleader.pl\/oferta\/\"},{\"@type\":\"ListItem\",\"position\":3,\"name\":\"Sprzeda\u017c jaj\"}]},{\"@type\":\"WebSite\",\"@id\":\"https:\/\/foodleader.pl\/#website\",\"url\":\"https:\/\/foodleader.pl\/\",\"name\":\"Food Leader\",\"description\":\"Food Leader\",\"potentialAction\":[{\"@type\":\"SearchAction\",\"target\":{\"@type\":\"EntryPoint\",\"urlTemplate\":\"https:\/\/foodleader.pl\/?s={search_term_string}\"},\"query-input\":{\"@type\":\"PropertyValueSpecification\",\"valueRequired\":true,\"valueName\":\"search_term_string\"}}],\"inLanguage\":\"ru-RU\"}]}<\/script>\n<!-- \/ Yoast SEO plugin. -->","yoast_head_json":{"title":"Hurtownia jaj - sprzeda\u017c hurtowa jaj konsumpcyjnych - dystrybucja - handel | Hurt Food Leader","description":"\u015awie\u017ce jaja konsumpcyjne - hurtownia jaj Food Leader oferuje sprzeda\u017c hurtow\u0105 jaj. Jaja pakowane hurtowo na palecie w kartonie lub w opakowaniach detalicznych.","robots":{"index":"index","follow":"follow","max-snippet":"max-snippet:-1","max-image-preview":"max-image-preview:large","max-video-preview":"max-video-preview:-1"},"canonical":"https:\/\/foodleader.pl\/oferta\/sprzedaz-jaj\/","og_locale":"ru_RU","og_type":"article","og_title":"Hurtownia jaj - sprzeda\u017c hurtowa jaj konsumpcyjnych - dystrybucja - handel | Hurt Food Leader","og_description":"\u015awie\u017ce jaja konsumpcyjne - hurtownia jaj Food Leader oferuje sprzeda\u017c hurtow\u0105 jaj. Jaja pakowane hurtowo na palecie w kartonie lub w opakowaniach detalicznych.","og_url":"https:\/\/foodleader.pl\/oferta\/sprzedaz-jaj\/","og_site_name":"Food Leader","article_modified_time":"2023-10-13T12:00:43+00:00","og_image":[{"url":"http:\/\/foodleader.pl\/wp-content\/uploads\/2016\/11\/market-1266663_1920-1-1024x685.jpg","type":"","width":"","height":""}],"twitter_card":"summary_large_image","twitter_misc":{"\u041f\u0440\u0438\u043c\u0435\u0440\u043d\u043e\u0435 \u0432\u0440\u0435\u043c\u044f \u0434\u043b\u044f \u0447\u0442\u0435\u043d\u0438\u044f":"12 \u043c\u0438\u043d\u0443\u0442"},"schema":{"@context":"https:\/\/schema.org","@graph":[{"@type":"WebPage","@id":"https:\/\/foodleader.pl\/oferta\/sprzedaz-jaj\/","url":"https:\/\/foodleader.pl\/oferta\/sprzedaz-jaj\/","name":"Hurtownia jaj - sprzeda\u017c hurtowa jaj konsumpcyjnych - dystrybucja - handel | Hurt Food Leader","isPartOf":{"@id":"https:\/\/foodleader.pl\/#website"},"primaryImageOfPage":{"@id":"https:\/\/foodleader.pl\/oferta\/sprzedaz-jaj\/#primaryimage"},"image":{"@id":"https:\/\/foodleader.pl\/oferta\/sprzedaz-jaj\/#primaryimage"},"thumbnailUrl":"http:\/\/foodleader.pl\/wp-content\/uploads\/2016\/11\/market-1266663_1920-1-1024x685.jpg","datePublished":"2017-11-27T12:18:51+00:00","dateModified":"2023-10-13T12:00:43+00:00","description":"\u015awie\u017ce jaja konsumpcyjne - hurtownia jaj Food Leader oferuje sprzeda\u017c hurtow\u0105 jaj. Jaja pakowane hurtowo na palecie w kartonie lub w opakowaniach detalicznych.","breadcrumb":{"@id":"https:\/\/foodleader.pl\/oferta\/sprzedaz-jaj\/#breadcrumb"},"inLanguage":"ru-RU","potentialAction":[{"@type":"ReadAction","target":["https:\/\/foodleader.pl\/oferta\/sprzedaz-jaj\/"]}]},{"@type":"ImageObject","inLanguage":"ru-RU","@id":"https:\/\/foodleader.pl\/oferta\/sprzedaz-jaj\/#primaryimage","url":"http:\/\/foodleader.pl\/wp-content\/uploads\/2016\/11\/market-1266663_1920-1-1024x685.jpg","contentUrl":"http:\/\/foodleader.pl\/wp-content\/uploads\/2016\/11\/market-1266663_1920-1-1024x685.jpg"},{"@type":"BreadcrumbList","@id":"https:\/\/foodleader.pl\/oferta\/sprzedaz-jaj\/#breadcrumb","itemListElement":[{"@type":"ListItem","position":1,"name":"Strona g\u0142\u00f3wna","item":"https:\/\/foodleader.pl\/"},{"@type":"ListItem","position":2,"name":"Oferta","item":"https:\/\/foodleader.pl\/oferta\/"},{"@type":"ListItem","position":3,"name":"Sprzeda\u017c jaj"}]},{"@type":"WebSite","@id":"https:\/\/foodleader.pl\/#website","url":"https:\/\/foodleader.pl\/","name":"Food Leader","description":"Food Leader","potentialAction":[{"@type":"SearchAction","target":{"@type":"EntryPoint","urlTemplate":"https:\/\/foodleader.pl\/?s={search_term_string}"},"query-input":{"@type":"PropertyValueSpecification","valueRequired":true,"valueName":"search_term_string"}}],"inLanguage":"ru-RU"}]}},"_links":{"self":[{"href":"https:\/\/foodleader.pl\/ru\/wp-json\/wp\/v2\/pages\/1089","targetHints":{"allow":["GET"]}}],"collection":[{"href":"https:\/\/foodleader.pl\/ru\/wp-json\/wp\/v2\/pages"}],"about":[{"href":"https:\/\/foodleader.pl\/ru\/wp-json\/wp\/v2\/types\/page"}],"author":[{"embeddable":true,"href":"https:\/\/foodleader.pl\/ru\/wp-json\/wp\/v2\/users\/3"}],"replies":[{"embeddable":true,"href":"https:\/\/foodleader.pl\/ru\/wp-json\/wp\/v2\/comments?post=1089"}],"version-history":[{"count":1,"href":"https:\/\/foodleader.pl\/ru\/wp-json\/wp\/v2\/pages\/1089\/revisions"}],"predecessor-version":[{"id":1090,"href":"https:\/\/foodleader.pl\/ru\/wp-json\/wp\/v2\/pages\/1089\/revisions\/1090"}],"up":[{"embeddable":true,"href":"https:\/\/foodleader.pl\/ru\/wp-json\/wp\/v2\/pages\/1043"}],"wp:attachment":[{"href":"https:\/\/foodleader.pl\/ru\/wp-json\/wp\/v2\/media?parent=1089"}],"curies":[{"name":"wp","href":"https:\/\/api.w.org\/{rel}","templated":true}]}}