{"id":1043,"date":"2017-11-27T10:14:22","date_gmt":"2017-11-27T09:14:22","guid":{"rendered":"http:\/\/foodleader.pl\/?page_id=1043"},"modified":"2017-11-30T08:31:48","modified_gmt":"2017-11-30T07:31:48","slug":"oferta","status":"publish","type":"page","link":"https:\/\/foodleader.pl\/ru\/oferta\/","title":{"rendered":"Oferta"},"content":{"rendered":"<p class=\"qtranxs-available-languages-message qtranxs-available-languages-message-ru\">\u0418\u0437\u0432\u0438\u043d\u0438\u0442\u0435, \u044d\u0442\u043e\u0442 \u0442\u0435\u0445\u0442 \u0434\u043e\u0441\u0442\u0443\u043f\u0435\u043d \u0442\u043e\u043b\u044c\u043a\u043e \u0432 &ldquo;<a href=\"https:\/\/foodleader.pl\/pl\/wp-json\/wp\/v2\/pages\/1043\" class=\"qtranxs-available-language-link qtranxs-available-language-link-pl\" title=\"Polski\">Polski<\/a>&rdquo;.<\/p>","protected":false},"excerpt":{"rendered":"","protected":false},"author":3,"featured_media":0,"parent":0,"menu_order":0,"comment_status":"closed","ping_status":"closed","template":"100-width.php","meta":{"footnotes":""},"class_list":["post-1043","page","type-page","status-publish","hentry"],"yoast_head":"<!-- This site is optimized with the Yoast SEO plugin v26.3 - https:\/\/yoast.com\/wordpress\/plugins\/seo\/ -->\n<title>Dystrybutor \u017cywno\u015bci oferta | Food Leader<\/title>\n<meta name=\"description\" content=\"Oferujemy dystrybucje \u017cywno\u015bci oraz eksport artyku\u0142\u00f3w spo\u017cywczych. Zach\u0119camy do zapoznania si\u0119 z nasz\u0105 ofert\u0105 i kontaktu.\" \/>\n<meta name=\"robots\" content=\"index, follow, max-snippet:-1, max-image-preview:large, max-video-preview:-1\" \/>\n<link rel=\"canonical\" href=\"https:\/\/foodleader.pl\/oferta\/\" \/>\n<meta property=\"og:locale\" content=\"ru_RU\" \/>\n<meta property=\"og:type\" content=\"article\" \/>\n<meta property=\"og:title\" content=\"Dystrybutor \u017cywno\u015bci oferta | Food Leader\" \/>\n<meta property=\"og:description\" content=\"Oferujemy dystrybucje \u017cywno\u015bci oraz eksport artyku\u0142\u00f3w spo\u017cywczych. Zach\u0119camy do zapoznania si\u0119 z nasz\u0105 ofert\u0105 i kontaktu.\" \/>\n<meta property=\"og:url\" content=\"https:\/\/foodleader.pl\/oferta\/\" \/>\n<meta property=\"og:site_name\" content=\"Food Leader\" \/>\n<meta property=\"article:modified_time\" content=\"2017-11-30T07:31:48+00:00\" \/>\n<meta name=\"twitter:card\" content=\"summary_large_image\" \/>\n<meta name=\"twitter:label1\" content=\"\u041f\u0440\u0438\u043c\u0435\u0440\u043d\u043e\u0435 \u0432\u0440\u0435\u043c\u044f \u0434\u043b\u044f \u0447\u0442\u0435\u043d\u0438\u044f\" \/>\n\t<meta name=\"twitter:data1\" content=\"11 \u043c\u0438\u043d\u0443\u0442\" \/>\n<script type=\"application\/ld+json\" class=\"yoast-schema-graph\">{\"@context\":\"https:\/\/schema.org\",\"@graph\":[{\"@type\":\"WebPage\",\"@id\":\"https:\/\/foodleader.pl\/oferta\/\",\"url\":\"https:\/\/foodleader.pl\/oferta\/\",\"name\":\"Dystrybutor \u017cywno\u015bci oferta | Food Leader\",\"isPartOf\":{\"@id\":\"https:\/\/foodleader.pl\/#website\"},\"datePublished\":\"2017-11-27T09:14:22+00:00\",\"dateModified\":\"2017-11-30T07:31:48+00:00\",\"description\":\"Oferujemy dystrybucje \u017cywno\u015bci oraz eksport artyku\u0142\u00f3w spo\u017cywczych. Zach\u0119camy do zapoznania si\u0119 z nasz\u0105 ofert\u0105 i kontaktu.\",\"breadcrumb\":{\"@id\":\"https:\/\/foodleader.pl\/oferta\/#breadcrumb\"},\"inLanguage\":\"ru-RU\",\"potentialAction\":[{\"@type\":\"ReadAction\",\"target\":[\"https:\/\/foodleader.pl\/oferta\/\"]}]},{\"@type\":\"BreadcrumbList\",\"@id\":\"https:\/\/foodleader.pl\/oferta\/#breadcrumb\",\"itemListElement\":[{\"@type\":\"ListItem\",\"position\":1,\"name\":\"Strona g\u0142\u00f3wna\",\"item\":\"https:\/\/foodleader.pl\/\"},{\"@type\":\"ListItem\",\"position\":2,\"name\":\"Oferta\"}]},{\"@type\":\"WebSite\",\"@id\":\"https:\/\/foodleader.pl\/#website\",\"url\":\"https:\/\/foodleader.pl\/\",\"name\":\"Food Leader\",\"description\":\"Food Leader\",\"potentialAction\":[{\"@type\":\"SearchAction\",\"target\":{\"@type\":\"EntryPoint\",\"urlTemplate\":\"https:\/\/foodleader.pl\/?s={search_term_string}\"},\"query-input\":{\"@type\":\"PropertyValueSpecification\",\"valueRequired\":true,\"valueName\":\"search_term_string\"}}],\"inLanguage\":\"ru-RU\"}]}<\/script>\n<!-- \/ Yoast SEO plugin. -->","yoast_head_json":{"title":"Dystrybutor \u017cywno\u015bci oferta | Food Leader","description":"Oferujemy dystrybucje \u017cywno\u015bci oraz eksport artyku\u0142\u00f3w spo\u017cywczych. Zach\u0119camy do zapoznania si\u0119 z nasz\u0105 ofert\u0105 i kontaktu.","robots":{"index":"index","follow":"follow","max-snippet":"max-snippet:-1","max-image-preview":"max-image-preview:large","max-video-preview":"max-video-preview:-1"},"canonical":"https:\/\/foodleader.pl\/oferta\/","og_locale":"ru_RU","og_type":"article","og_title":"Dystrybutor \u017cywno\u015bci oferta | Food Leader","og_description":"Oferujemy dystrybucje \u017cywno\u015bci oraz eksport artyku\u0142\u00f3w spo\u017cywczych. Zach\u0119camy do zapoznania si\u0119 z nasz\u0105 ofert\u0105 i kontaktu.","og_url":"https:\/\/foodleader.pl\/oferta\/","og_site_name":"Food Leader","article_modified_time":"2017-11-30T07:31:48+00:00","twitter_card":"summary_large_image","twitter_misc":{"\u041f\u0440\u0438\u043c\u0435\u0440\u043d\u043e\u0435 \u0432\u0440\u0435\u043c\u044f \u0434\u043b\u044f \u0447\u0442\u0435\u043d\u0438\u044f":"11 \u043c\u0438\u043d\u0443\u0442"},"schema":{"@context":"https:\/\/schema.org","@graph":[{"@type":"WebPage","@id":"https:\/\/foodleader.pl\/oferta\/","url":"https:\/\/foodleader.pl\/oferta\/","name":"Dystrybutor \u017cywno\u015bci oferta | Food Leader","isPartOf":{"@id":"https:\/\/foodleader.pl\/#website"},"datePublished":"2017-11-27T09:14:22+00:00","dateModified":"2017-11-30T07:31:48+00:00","description":"Oferujemy dystrybucje \u017cywno\u015bci oraz eksport artyku\u0142\u00f3w spo\u017cywczych. Zach\u0119camy do zapoznania si\u0119 z nasz\u0105 ofert\u0105 i kontaktu.","breadcrumb":{"@id":"https:\/\/foodleader.pl\/oferta\/#breadcrumb"},"inLanguage":"ru-RU","potentialAction":[{"@type":"ReadAction","target":["https:\/\/foodleader.pl\/oferta\/"]}]},{"@type":"BreadcrumbList","@id":"https:\/\/foodleader.pl\/oferta\/#breadcrumb","itemListElement":[{"@type":"ListItem","position":1,"name":"Strona g\u0142\u00f3wna","item":"https:\/\/foodleader.pl\/"},{"@type":"ListItem","position":2,"name":"Oferta"}]},{"@type":"WebSite","@id":"https:\/\/foodleader.pl\/#website","url":"https:\/\/foodleader.pl\/","name":"Food Leader","description":"Food Leader","potentialAction":[{"@type":"SearchAction","target":{"@type":"EntryPoint","urlTemplate":"https:\/\/foodleader.pl\/?s={search_term_string}"},"query-input":{"@type":"PropertyValueSpecification","valueRequired":true,"valueName":"search_term_string"}}],"inLanguage":"ru-RU"}]}},"_links":{"self":[{"href":"https:\/\/foodleader.pl\/ru\/wp-json\/wp\/v2\/pages\/1043","targetHints":{"allow":["GET"]}}],"collection":[{"href":"https:\/\/foodleader.pl\/ru\/wp-json\/wp\/v2\/pages"}],"about":[{"href":"https:\/\/foodleader.pl\/ru\/wp-json\/wp\/v2\/types\/page"}],"author":[{"embeddable":true,"href":"https:\/\/foodleader.pl\/ru\/wp-json\/wp\/v2\/users\/3"}],"replies":[{"embeddable":true,"href":"https:\/\/foodleader.pl\/ru\/wp-json\/wp\/v2\/comments?post=1043"}],"version-history":[{"count":0,"href":"https:\/\/foodleader.pl\/ru\/wp-json\/wp\/v2\/pages\/1043\/revisions"}],"wp:attachment":[{"href":"https:\/\/foodleader.pl\/ru\/wp-json\/wp\/v2\/media?parent=1043"}],"curies":[{"name":"wp","href":"https:\/\/api.w.org\/{rel}","templated":true}]}}