{"id":1338,"date":"2023-12-18T10:58:26","date_gmt":"2023-12-18T09:58:26","guid":{"rendered":"http:\/\/foodleader.pl\/?page_id=1338"},"modified":"2024-10-01T10:00:09","modified_gmt":"2024-10-01T08:00:09","slug":"masa-jajowa-pasteryzowana","status":"publish","type":"page","link":"https:\/\/foodleader.pl\/de\/oferta\/masa-jajowa-pasteryzowana\/","title":{"rendered":"Masa jajowa pasteryzowana"},"content":{"rendered":"<p class=\"qtranxs-available-languages-message qtranxs-available-languages-message-de\">Leider ist der Eintrag nur auf <a href=\"https:\/\/foodleader.pl\/pl\/wp-json\/wp\/v2\/pages\/1338\" class=\"qtranxs-available-language-link qtranxs-available-language-link-pl\" title=\"Polski\">Polski<\/a> verf\u00fcgbar.<\/p>","protected":false},"excerpt":{"rendered":"","protected":false},"author":3,"featured_media":0,"parent":1043,"menu_order":0,"comment_status":"closed","ping_status":"closed","template":"100-width.php","meta":{"footnotes":""},"class_list":["post-1338","page","type-page","status-publish","hentry"],"yoast_head":"<!-- This site is optimized with the Yoast SEO plugin v26.3 - https:\/\/yoast.com\/wordpress\/plugins\/seo\/ -->\n<title>Masa jajowa pasteryzowana - Food Leader \u2014 sprzeda\u017c masy jajecznej<\/title>\n<meta name=\"description\" content=\"Chcesz upro\u015bci\u0107 i przyspieszy\u0107 proces produkcji \u017cywno\u015bci? Wybierz mas\u0119 jajeczn\u0105 pasteryzowan\u0105 od producenta.\u00a0Gwarancja najwy\u017cszej jako\u015bci.\" \/>\n<meta name=\"robots\" content=\"index, follow, max-snippet:-1, max-image-preview:large, max-video-preview:-1\" \/>\n<link rel=\"canonical\" href=\"https:\/\/foodleader.pl\/oferta\/masa-jajowa-pasteryzowana\/\" \/>\n<meta property=\"og:locale\" content=\"de_DE\" \/>\n<meta property=\"og:type\" content=\"article\" \/>\n<meta property=\"og:title\" content=\"Masa jajowa pasteryzowana - Food Leader \u2014 sprzeda\u017c masy jajecznej\" \/>\n<meta property=\"og:description\" content=\"Chcesz upro\u015bci\u0107 i przyspieszy\u0107 proces produkcji \u017cywno\u015bci? Wybierz mas\u0119 jajeczn\u0105 pasteryzowan\u0105 od producenta.\u00a0Gwarancja najwy\u017cszej jako\u015bci.\" \/>\n<meta property=\"og:url\" content=\"https:\/\/foodleader.pl\/oferta\/masa-jajowa-pasteryzowana\/\" \/>\n<meta property=\"og:site_name\" content=\"Food Leader\" \/>\n<meta property=\"article:modified_time\" content=\"2024-10-01T08:00:09+00:00\" \/>\n<meta name=\"twitter:card\" content=\"summary_large_image\" \/>\n<meta name=\"twitter:label1\" content=\"Gesch\u00e4tzte Lesezeit\" \/>\n\t<meta name=\"twitter:data1\" content=\"8\u00a0Minuten\" \/>\n<script type=\"application\/ld+json\" class=\"yoast-schema-graph\">{\"@context\":\"https:\/\/schema.org\",\"@graph\":[{\"@type\":\"WebPage\",\"@id\":\"https:\/\/foodleader.pl\/oferta\/masa-jajowa-pasteryzowana\/\",\"url\":\"https:\/\/foodleader.pl\/oferta\/masa-jajowa-pasteryzowana\/\",\"name\":\"Masa jajowa pasteryzowana - Food Leader \u2014 sprzeda\u017c masy jajecznej\",\"isPartOf\":{\"@id\":\"https:\/\/foodleader.pl\/#website\"},\"datePublished\":\"2023-12-18T09:58:26+00:00\",\"dateModified\":\"2024-10-01T08:00:09+00:00\",\"description\":\"Chcesz upro\u015bci\u0107 i przyspieszy\u0107 proces produkcji \u017cywno\u015bci? Wybierz mas\u0119 jajeczn\u0105 pasteryzowan\u0105 od producenta.\u00a0Gwarancja najwy\u017cszej jako\u015bci.\",\"breadcrumb\":{\"@id\":\"https:\/\/foodleader.pl\/oferta\/masa-jajowa-pasteryzowana\/#breadcrumb\"},\"inLanguage\":\"de\",\"potentialAction\":[{\"@type\":\"ReadAction\",\"target\":[\"https:\/\/foodleader.pl\/oferta\/masa-jajowa-pasteryzowana\/\"]}]},{\"@type\":\"BreadcrumbList\",\"@id\":\"https:\/\/foodleader.pl\/oferta\/masa-jajowa-pasteryzowana\/#breadcrumb\",\"itemListElement\":[{\"@type\":\"ListItem\",\"position\":1,\"name\":\"Strona g\u0142\u00f3wna\",\"item\":\"https:\/\/foodleader.pl\/\"},{\"@type\":\"ListItem\",\"position\":2,\"name\":\"Oferta\",\"item\":\"https:\/\/foodleader.pl\/oferta\/\"},{\"@type\":\"ListItem\",\"position\":3,\"name\":\"Masa jajowa pasteryzowana\"}]},{\"@type\":\"WebSite\",\"@id\":\"https:\/\/foodleader.pl\/#website\",\"url\":\"https:\/\/foodleader.pl\/\",\"name\":\"Food Leader\",\"description\":\"Food Leader\",\"potentialAction\":[{\"@type\":\"SearchAction\",\"target\":{\"@type\":\"EntryPoint\",\"urlTemplate\":\"https:\/\/foodleader.pl\/?s={search_term_string}\"},\"query-input\":{\"@type\":\"PropertyValueSpecification\",\"valueRequired\":true,\"valueName\":\"search_term_string\"}}],\"inLanguage\":\"de\"}]}<\/script>\n<!-- \/ Yoast SEO plugin. -->","yoast_head_json":{"title":"Masa jajowa pasteryzowana - Food Leader \u2014 sprzeda\u017c masy jajecznej","description":"Chcesz upro\u015bci\u0107 i przyspieszy\u0107 proces produkcji \u017cywno\u015bci? Wybierz mas\u0119 jajeczn\u0105 pasteryzowan\u0105 od producenta.\u00a0Gwarancja najwy\u017cszej jako\u015bci.","robots":{"index":"index","follow":"follow","max-snippet":"max-snippet:-1","max-image-preview":"max-image-preview:large","max-video-preview":"max-video-preview:-1"},"canonical":"https:\/\/foodleader.pl\/oferta\/masa-jajowa-pasteryzowana\/","og_locale":"de_DE","og_type":"article","og_title":"Masa jajowa pasteryzowana - Food Leader \u2014 sprzeda\u017c masy jajecznej","og_description":"Chcesz upro\u015bci\u0107 i przyspieszy\u0107 proces produkcji \u017cywno\u015bci? Wybierz mas\u0119 jajeczn\u0105 pasteryzowan\u0105 od producenta.\u00a0Gwarancja najwy\u017cszej jako\u015bci.","og_url":"https:\/\/foodleader.pl\/oferta\/masa-jajowa-pasteryzowana\/","og_site_name":"Food Leader","article_modified_time":"2024-10-01T08:00:09+00:00","twitter_card":"summary_large_image","twitter_misc":{"Gesch\u00e4tzte Lesezeit":"8\u00a0Minuten"},"schema":{"@context":"https:\/\/schema.org","@graph":[{"@type":"WebPage","@id":"https:\/\/foodleader.pl\/oferta\/masa-jajowa-pasteryzowana\/","url":"https:\/\/foodleader.pl\/oferta\/masa-jajowa-pasteryzowana\/","name":"Masa jajowa pasteryzowana - Food Leader \u2014 sprzeda\u017c masy jajecznej","isPartOf":{"@id":"https:\/\/foodleader.pl\/#website"},"datePublished":"2023-12-18T09:58:26+00:00","dateModified":"2024-10-01T08:00:09+00:00","description":"Chcesz upro\u015bci\u0107 i przyspieszy\u0107 proces produkcji \u017cywno\u015bci? Wybierz mas\u0119 jajeczn\u0105 pasteryzowan\u0105 od producenta.\u00a0Gwarancja najwy\u017cszej jako\u015bci.","breadcrumb":{"@id":"https:\/\/foodleader.pl\/oferta\/masa-jajowa-pasteryzowana\/#breadcrumb"},"inLanguage":"de","potentialAction":[{"@type":"ReadAction","target":["https:\/\/foodleader.pl\/oferta\/masa-jajowa-pasteryzowana\/"]}]},{"@type":"BreadcrumbList","@id":"https:\/\/foodleader.pl\/oferta\/masa-jajowa-pasteryzowana\/#breadcrumb","itemListElement":[{"@type":"ListItem","position":1,"name":"Strona g\u0142\u00f3wna","item":"https:\/\/foodleader.pl\/"},{"@type":"ListItem","position":2,"name":"Oferta","item":"https:\/\/foodleader.pl\/oferta\/"},{"@type":"ListItem","position":3,"name":"Masa jajowa pasteryzowana"}]},{"@type":"WebSite","@id":"https:\/\/foodleader.pl\/#website","url":"https:\/\/foodleader.pl\/","name":"Food Leader","description":"Food Leader","potentialAction":[{"@type":"SearchAction","target":{"@type":"EntryPoint","urlTemplate":"https:\/\/foodleader.pl\/?s={search_term_string}"},"query-input":{"@type":"PropertyValueSpecification","valueRequired":true,"valueName":"search_term_string"}}],"inLanguage":"de"}]}},"_links":{"self":[{"href":"https:\/\/foodleader.pl\/de\/wp-json\/wp\/v2\/pages\/1338","targetHints":{"allow":["GET"]}}],"collection":[{"href":"https:\/\/foodleader.pl\/de\/wp-json\/wp\/v2\/pages"}],"about":[{"href":"https:\/\/foodleader.pl\/de\/wp-json\/wp\/v2\/types\/page"}],"author":[{"embeddable":true,"href":"https:\/\/foodleader.pl\/de\/wp-json\/wp\/v2\/users\/3"}],"replies":[{"embeddable":true,"href":"https:\/\/foodleader.pl\/de\/wp-json\/wp\/v2\/comments?post=1338"}],"version-history":[{"count":0,"href":"https:\/\/foodleader.pl\/de\/wp-json\/wp\/v2\/pages\/1338\/revisions"}],"up":[{"embeddable":true,"href":"https:\/\/foodleader.pl\/de\/wp-json\/wp\/v2\/pages\/1043"}],"wp:attachment":[{"href":"https:\/\/foodleader.pl\/de\/wp-json\/wp\/v2\/media?parent=1338"}],"curies":[{"name":"wp","href":"https:\/\/api.w.org\/{rel}","templated":true}]}}