{"id":11,"date":"2016-11-01T15:39:46","date_gmt":"2016-11-01T15:39:46","guid":{"rendered":"http:\/\/food.devdesign.pl\/?page_id=11"},"modified":"2025-11-06T20:45:28","modified_gmt":"2025-11-06T19:45:28","slug":"kontakt","status":"publish","type":"page","link":"https:\/\/foodleader.pl\/de\/kontakt\/","title":{"rendered":"Kontakt"},"content":{"rendered":"<p><div  class=\"fusion-fullwidth fullwidth-box hundred-percent-fullwidth\"  style='background-color: #f8f8f8;background-position: center center;background-repeat: no-repeat;padding-top:100px;padding-right:0px;padding-bottom:100px;padding-left:0px;'><div class=\"fusion-builder-row fusion-row \"><div  class=\"fusion-layout-column fusion_builder_column fusion_builder_column_3_5  fusion-three-fifth fusion-column-first 3_5\"  style='margin-top:0px;margin-bottom:0px;width:60%;width:calc(60% - ( ( 4% ) * 0.6 ) );margin-right: 4%;'>\n\t\t\t\t\t<div class=\"fusion-column-wrapper\" style=\"padding: 0px 6% 0px 6%;background-position:left top;background-repeat:no-repeat;-webkit-background-size:cover;-moz-background-size:cover;-o-background-size:cover;background-size:cover;\"  data-bg-url=\"\">\n\t\t\t\t\t\t<h2>Kontaktdaten<\/h2>\n<div class=\"fusion-sep-clear\"><\/div><div class=\"fusion-separator fusion-full-width-sep sep-none\" style=\"margin-left: auto;margin-right: auto;margin-top:10px;\"><\/div><div class=\"fusion-builder-row fusion-builder-row-inner fusion-row \"><div  class=\"fusion-layout-column fusion_builder_column fusion_builder_column_1_2  fusion-one-half fusion-column-first fusion-one-half fusion-column-first 1_2\"  style='margin-top: 0px;margin-bottom: 0px;width:50%;width:calc(50% - ( ( 4% ) * 0.5 ) );margin-right:4%;'>\n\t\t\t\t\t<div class=\"fusion-column-wrapper\" style=\"background-position:left top;background-repeat:no-repeat;-webkit-background-size:cover;-moz-background-size:cover;-o-background-size:cover;background-size:cover;\"  data-bg-url=\"\">\n\t\t\t\t\t\t<div class=\"imageframe-liftup\"><span class=\"fusion-imageframe imageframe-none imageframe-3\"><a href=\"http:\/\/foodleader.pl\/wp-content\/uploads\/2016\/10\/Depositphotos_133701644_l-2015.jpg\" class=\"fusion-lightbox\" data-rel=\"iLightbox[7927a9f3780a35c99a6]\"><img decoding=\"async\" src=\"http:\/\/foodleader.pl\/wp-content\/uploads\/2016\/10\/Depositphotos_133701644_l-2015.jpg\" width=\"\" height=\"\" alt=\"\" class=\"img-responsive\"\/><\/a><\/span><\/div>\n\n\t\t\t\t\t<\/div>\n\t\t\t\t<\/div><div  class=\"fusion-layout-column fusion_builder_column fusion_builder_column_1_2  fusion-one-half fusion-column-last fusion-one-half fusion-column-last 1_2\"  style='margin-top: 0px;margin-bottom: 0px;width:50%;width:calc(50% - ( ( 4% ) * 0.5 ) );'>\n\t\t\t\t\t<div class=\"fusion-column-wrapper\" style=\"background-position:left top;background-repeat:no-repeat;-webkit-background-size:cover;-moz-background-size:cover;-o-background-size:cover;background-size:cover;\"  data-bg-url=\"\">\n\t\t\t\t\t\t<p><strong>Food Leader<\/strong><br \/>\nDominika Norkiewicz<br \/>\nul.Wiosenna 6, 63-000 Brodowo<br \/>\nNIP <strong>786 163 06 28<\/strong><\/p>\n<div class=\"fusion-sep-clear\"><\/div><div class=\"fusion-separator fusion-full-width-sep sep-none\" style=\"margin-left: auto;margin-right: auto;margin-top:7px;\"><\/div><ul class=\"fusion-checklist fusion-checklist-3\" style=\"font-size:18px;line-height:30.6px;\"><li class=\"fusion-li-item\"><span style=\"height:30.6px;width:30.6px;margin-right:12.6px;\" class=\"icon-wrapper circle-no\"><i class=\"fusion-li-icon fa fa-phone\" style=\"color:#25afb4;\"><\/i><\/span><div class=\"fusion-li-item-content\" style=\"margin-left:43.2px;\"><a href=\"tel:\/\/+ 48 601 097 055\">+ 48 601 097 055<\/a><\/div><\/li><li class=\"fusion-li-item\"><span style=\"height:30.6px;width:30.6px;margin-right:12.6px;\" class=\"icon-wrapper circle-no\"><i class=\"fusion-li-icon fa fa-envelope-o\" style=\"color:#25afb4;\"><\/i><\/span><div class=\"fusion-li-item-content\" style=\"margin-left:43.2px;\"><a href=\"mailto:office@foodleader.pl\">office@foodleader.pl<\/a><\/div><\/li><\/ul>\n\n\t\t\t\t\t<\/div>\n\t\t\t\t<\/div><\/div><div class=\"fusion-sep-clear\"><\/div><div class=\"fusion-separator fusion-full-width-sep sep-none\" style=\"margin-left: auto;margin-right: auto;margin-top:20px;\"><\/div><div class=\"fusion-gallery fusion-gallery-container fusion-grid-3 fusion-columns-total-6 fusion-gallery-layout-grid\" style=\"margin:-5px;\"><div style=\"padding:5px;\" class=\"fusion-grid-column fusion-gallery-column fusion-gallery-column-3 hover-type-none\"><div class=\"fusion-gallery-image\"><img loading=\"lazy\" decoding=\"async\" width=\"200\" height=\"133\" src=\"https:\/\/foodleader.pl\/wp-content\/uploads\/2016\/10\/food-jajka-1-200x133.jpg\" alt=\"\" title=\"Food Leader - jaja\" aria-label=\"Food Leader - jaja\" class=\"img-responsive wp-image-826\" srcset=\"https:\/\/foodleader.pl\/wp-content\/uploads\/2016\/10\/food-jajka-1-200x133.jpg 200w, https:\/\/foodleader.pl\/wp-content\/uploads\/2016\/10\/food-jajka-1-400x267.jpg 400w, https:\/\/foodleader.pl\/wp-content\/uploads\/2016\/10\/food-jajka-1-600x400.jpg 600w, https:\/\/foodleader.pl\/wp-content\/uploads\/2016\/10\/food-jajka-1-800x533.jpg 800w, https:\/\/foodleader.pl\/wp-content\/uploads\/2016\/10\/food-jajka-1.jpg 1200w\" sizes=\"auto, (min-width: 2200px) 100vw, (min-width: 864px) 387px, (min-width: 752px) 580px, (min-width: 640px) 752px, 100vw\" \/><\/div><\/div><div style=\"padding:5px;\" class=\"fusion-grid-column fusion-gallery-column fusion-gallery-column-3 hover-type-none\"><div class=\"fusion-gallery-image\"><img loading=\"lazy\" decoding=\"async\" width=\"200\" height=\"133\" src=\"https:\/\/foodleader.pl\/wp-content\/uploads\/2017\/08\/food-tlo-3-200x133.jpg\" alt=\"Food Leader - mleko\" title=\"Food Leader - mleko\" aria-label=\"Food Leader - mleko\" class=\"img-responsive wp-image-756\" srcset=\"https:\/\/foodleader.pl\/wp-content\/uploads\/2017\/08\/food-tlo-3-200x133.jpg 200w, https:\/\/foodleader.pl\/wp-content\/uploads\/2017\/08\/food-tlo-3-400x267.jpg 400w, https:\/\/foodleader.pl\/wp-content\/uploads\/2017\/08\/food-tlo-3-600x400.jpg 600w, https:\/\/foodleader.pl\/wp-content\/uploads\/2017\/08\/food-tlo-3-800x533.jpg 800w, https:\/\/foodleader.pl\/wp-content\/uploads\/2017\/08\/food-tlo-3-1200x800.jpg 1200w\" sizes=\"auto, (min-width: 2200px) 100vw, (min-width: 864px) 387px, (min-width: 752px) 580px, (min-width: 640px) 752px, 100vw\" \/><\/div><\/div><div style=\"padding:5px;\" class=\"fusion-grid-column fusion-gallery-column fusion-gallery-column-3 hover-type-none\"><div class=\"fusion-gallery-image\"><img loading=\"lazy\" decoding=\"async\" width=\"200\" height=\"133\" src=\"https:\/\/foodleader.pl\/wp-content\/uploads\/2016\/11\/bigstock-Cardboard-Egg-Rack-With-Eggs-O-196140670-200x133.jpg\" alt=\"Food Leader - jaja\" title=\"Food Leader - jaja\" aria-label=\"Food Leader - jaja\" class=\"img-responsive wp-image-709\" srcset=\"https:\/\/foodleader.pl\/wp-content\/uploads\/2016\/11\/bigstock-Cardboard-Egg-Rack-With-Eggs-O-196140670-200x133.jpg 200w, https:\/\/foodleader.pl\/wp-content\/uploads\/2016\/11\/bigstock-Cardboard-Egg-Rack-With-Eggs-O-196140670-400x267.jpg 400w, https:\/\/foodleader.pl\/wp-content\/uploads\/2016\/11\/bigstock-Cardboard-Egg-Rack-With-Eggs-O-196140670-600x400.jpg 600w, https:\/\/foodleader.pl\/wp-content\/uploads\/2016\/11\/bigstock-Cardboard-Egg-Rack-With-Eggs-O-196140670-800x533.jpg 800w, https:\/\/foodleader.pl\/wp-content\/uploads\/2016\/11\/bigstock-Cardboard-Egg-Rack-With-Eggs-O-196140670-1200x800.jpg 1200w, https:\/\/foodleader.pl\/wp-content\/uploads\/2016\/11\/bigstock-Cardboard-Egg-Rack-With-Eggs-O-196140670.jpg 1920w\" sizes=\"auto, (min-width: 2200px) 100vw, (min-width: 864px) 387px, (min-width: 752px) 580px, (min-width: 640px) 752px, 100vw\" \/><\/div><\/div><div class=\"clearfix\"><\/div><div style=\"padding:5px;\" class=\"fusion-grid-column fusion-gallery-column fusion-gallery-column-3 hover-type-none\"><div class=\"fusion-gallery-image\"><img loading=\"lazy\" decoding=\"async\" width=\"200\" height=\"133\" src=\"https:\/\/foodleader.pl\/wp-content\/uploads\/2017\/08\/food-leader-1-200x133.jpg\" alt=\"Food Leader - warzywa\" title=\"Food Leader - warzywa\" aria-label=\"Food Leader - warzywa\" class=\"img-responsive wp-image-752\" srcset=\"https:\/\/foodleader.pl\/wp-content\/uploads\/2017\/08\/food-leader-1-200x133.jpg 200w, https:\/\/foodleader.pl\/wp-content\/uploads\/2017\/08\/food-leader-1-400x267.jpg 400w, https:\/\/foodleader.pl\/wp-content\/uploads\/2017\/08\/food-leader-1-600x400.jpg 600w, https:\/\/foodleader.pl\/wp-content\/uploads\/2017\/08\/food-leader-1-800x533.jpg 800w, https:\/\/foodleader.pl\/wp-content\/uploads\/2017\/08\/food-leader-1-1200x800.jpg 1200w\" sizes=\"auto, (min-width: 2200px) 100vw, (min-width: 864px) 387px, (min-width: 752px) 580px, (min-width: 640px) 752px, 100vw\" \/><\/div><\/div><div style=\"padding:5px;\" class=\"fusion-grid-column fusion-gallery-column fusion-gallery-column-3 hover-type-none\"><div class=\"fusion-gallery-image\"><img loading=\"lazy\" decoding=\"async\" width=\"200\" height=\"134\" src=\"https:\/\/foodleader.pl\/wp-content\/uploads\/2016\/11\/market-1266663_1920-1-200x134.jpg\" alt=\"hurtownia jaj - Food Leader\" title=\"Food Leader - jaja\" aria-label=\"Food Leader - jaja\" class=\"img-responsive wp-image-708\" srcset=\"https:\/\/foodleader.pl\/wp-content\/uploads\/2016\/11\/market-1266663_1920-1-200x134.jpg 200w, https:\/\/foodleader.pl\/wp-content\/uploads\/2016\/11\/market-1266663_1920-1-400x268.jpg 400w, https:\/\/foodleader.pl\/wp-content\/uploads\/2016\/11\/market-1266663_1920-1-600x402.jpg 600w, https:\/\/foodleader.pl\/wp-content\/uploads\/2016\/11\/market-1266663_1920-1-800x535.jpg 800w, https:\/\/foodleader.pl\/wp-content\/uploads\/2016\/11\/market-1266663_1920-1-1200x803.jpg 1200w, https:\/\/foodleader.pl\/wp-content\/uploads\/2016\/11\/market-1266663_1920-1.jpg 1920w\" sizes=\"auto, (min-width: 2200px) 100vw, (min-width: 864px) 387px, (min-width: 752px) 580px, (min-width: 640px) 752px, 100vw\" \/><\/div><\/div><div style=\"padding:5px;\" class=\"fusion-grid-column fusion-gallery-column fusion-gallery-column-3 hover-type-none\"><div class=\"fusion-gallery-image\"><img loading=\"lazy\" decoding=\"async\" width=\"200\" height=\"133\" src=\"https:\/\/foodleader.pl\/wp-content\/uploads\/2016\/10\/q-200x133.jpg\" alt=\"Food Leader - sprzeda\u017c papryki\" title=\"Food Leader\" aria-label=\"Food Leader\" class=\"img-responsive wp-image-639\" srcset=\"https:\/\/foodleader.pl\/wp-content\/uploads\/2016\/10\/q-200x133.jpg 200w, https:\/\/foodleader.pl\/wp-content\/uploads\/2016\/10\/q-400x267.jpg 400w, https:\/\/foodleader.pl\/wp-content\/uploads\/2016\/10\/q-600x400.jpg 600w, https:\/\/foodleader.pl\/wp-content\/uploads\/2016\/10\/q-800x533.jpg 800w, https:\/\/foodleader.pl\/wp-content\/uploads\/2016\/10\/q-1200x800.jpg 1200w, https:\/\/foodleader.pl\/wp-content\/uploads\/2016\/10\/q.jpg 1920w\" sizes=\"auto, (min-width: 2200px) 100vw, (min-width: 864px) 387px, (min-width: 752px) 580px, (min-width: 640px) 752px, 100vw\" \/><\/div><\/div><div class=\"clearfix\"><\/div><\/div><div class=\"fusion-clearfix\"><\/div>\n\n\t\t\t\t\t<\/div>\n\t\t\t\t<\/div><div  class=\"fusion-layout-column fusion_builder_column fusion_builder_column_2_5  fusion-two-fifth fusion-column-last 2_5\"  style='margin-top:0px;margin-bottom:0px;width:40%;width:calc(40% - ( ( 4% ) * 0.4 ) );'>\n\t\t\t\t\t<div class=\"fusion-column-wrapper\" style=\"padding: 0px 6% 0px 6%;background-position:left top;background-repeat:no-repeat;-webkit-background-size:cover;-moz-background-size:cover;-o-background-size:cover;background-size:cover;\"  data-bg-url=\"\">\n\t\t\t\t\t\t<h2>Kontaktformular<\/h2>\n<div class=\"fusion-sep-clear\"><\/div><div class=\"fusion-separator fusion-full-width-sep sep-none\" style=\"margin-left: auto;margin-right: auto;margin-top:30px;\"><\/div>\n<div class=\"wpcf7 no-js\" id=\"wpcf7-f926-o3\" lang=\"de-DE\" dir=\"ltr\" data-wpcf7-id=\"926\">\n<div class=\"screen-reader-response\"><p role=\"status\" aria-live=\"polite\" aria-atomic=\"true\"><\/p> <ul><\/ul><\/div>\n<form action=\"\/de\/wp-json\/wp\/v2\/pages\/11#wpcf7-f926-o3\" method=\"post\" class=\"wpcf7-form init\" aria-label=\"Kontaktformular\" novalidate=\"novalidate\" data-status=\"init\">\n<fieldset class=\"hidden-fields-container\"><input type=\"hidden\" name=\"_wpcf7\" value=\"926\" \/><input type=\"hidden\" name=\"_wpcf7_version\" value=\"6.1.3\" \/><input type=\"hidden\" name=\"_wpcf7_locale\" value=\"de_DE\" \/><input type=\"hidden\" name=\"_wpcf7_unit_tag\" value=\"wpcf7-f926-o3\" \/><input type=\"hidden\" name=\"_wpcf7_container_post\" value=\"0\" \/><input type=\"hidden\" name=\"_wpcf7_posted_data_hash\" value=\"\" \/><input type=\"hidden\" name=\"_wpcf7_recaptcha_response\" value=\"\" \/>\n<\/fieldset>\n<p><label> Ihr Name (Pflichtfeld)<br \/>\n<span class=\"wpcf7-form-control-wrap\" data-name=\"your-name\"><input size=\"40\" maxlength=\"400\" class=\"wpcf7-form-control wpcf7-text wpcf7-validates-as-required\" aria-required=\"true\" aria-invalid=\"false\" value=\"\" type=\"text\" name=\"your-name\" \/><\/span> <\/label>\n<\/p>\n<p><label> Ihre E-Mail-Adresse (Pflichtfeld)<br \/>\n<span class=\"wpcf7-form-control-wrap\" data-name=\"your-email\"><input size=\"40\" maxlength=\"400\" class=\"wpcf7-form-control wpcf7-email wpcf7-validates-as-required wpcf7-text wpcf7-validates-as-email\" aria-required=\"true\" aria-invalid=\"false\" value=\"\" type=\"email\" name=\"your-email\" \/><\/span> <\/label>\n<\/p>\n<p><label> Betreff<br \/>\n<span class=\"wpcf7-form-control-wrap\" data-name=\"your-subject\"><input size=\"40\" maxlength=\"400\" class=\"wpcf7-form-control wpcf7-text\" aria-invalid=\"false\" value=\"\" type=\"text\" name=\"your-subject\" \/><\/span> <\/label>\n<\/p>\n<p><label> Ihre Nachricht<br \/>\n<span class=\"wpcf7-form-control-wrap\" data-name=\"your-message\"><textarea cols=\"40\" rows=\"10\" maxlength=\"2000\" class=\"wpcf7-form-control wpcf7-textarea\" aria-invalid=\"false\" name=\"your-message\"><\/textarea><\/span> <\/label>\n<\/p>\n\n<p><input class=\"wpcf7-form-control wpcf7-submit has-spinner\" type=\"submit\" value=\"Senden\" \/>\n<\/p><div class=\"wpcf7-response-output\" aria-hidden=\"true\"><\/div>\n<\/form>\n<\/div>\n<div class=\"fusion-clearfix\"><\/div>\n\n\t\t\t\t\t<\/div>\n\t\t\t\t<\/div><\/div><\/div><\/p>","protected":false},"excerpt":{"rendered":"","protected":false},"author":1,"featured_media":0,"parent":0,"menu_order":0,"comment_status":"closed","ping_status":"closed","template":"100-width.php","meta":{"footnotes":""},"class_list":["post-11","page","type-page","status-publish","hentry"],"yoast_head":"<!-- This site is optimized with the Yoast SEO plugin v26.3 - https:\/\/yoast.com\/wordpress\/plugins\/seo\/ -->\n<title>Kontakt - Food Leader<\/title>\n<meta name=\"description\" content=\"Skontaktuj si\u0119 z Food Leader! Oferujemy sprzeda\u017c \u015bwie\u017cych produkt\u00f3w spo\u017cywczych, takich jak jaja, warzywa, owoce i mleko. Zapewniamy najwy\u017csz\u0105 jako\u015b\u0107 i szybk\u0105 dostaw\u0119. Sprawd\u017a nasze dane kontaktowe i z\u0142\u00f3\u017c zam\u00f3wienie ju\u017c dzi\u015b!\" \/>\n<meta name=\"robots\" content=\"index, follow, max-snippet:-1, max-image-preview:large, max-video-preview:-1\" \/>\n<link rel=\"canonical\" href=\"https:\/\/foodleader.pl\/kontakt\/\" \/>\n<meta property=\"og:locale\" content=\"de_DE\" \/>\n<meta property=\"og:type\" content=\"article\" \/>\n<meta property=\"og:title\" content=\"Kontakt - Food Leader\" \/>\n<meta property=\"og:description\" content=\"Skontaktuj si\u0119 z Food Leader! Oferujemy sprzeda\u017c \u015bwie\u017cych produkt\u00f3w spo\u017cywczych, takich jak jaja, warzywa, owoce i mleko. Zapewniamy najwy\u017csz\u0105 jako\u015b\u0107 i szybk\u0105 dostaw\u0119. Sprawd\u017a nasze dane kontaktowe i z\u0142\u00f3\u017c zam\u00f3wienie ju\u017c dzi\u015b!\" \/>\n<meta property=\"og:url\" content=\"https:\/\/foodleader.pl\/kontakt\/\" \/>\n<meta property=\"og:site_name\" content=\"Food Leader\" \/>\n<meta property=\"article:modified_time\" content=\"2025-11-06T19:45:28+00:00\" \/>\n<meta name=\"twitter:card\" content=\"summary_large_image\" \/>\n<meta name=\"twitter:label1\" content=\"Gesch\u00e4tzte Lesezeit\" \/>\n\t<meta name=\"twitter:data1\" content=\"8\u00a0Minuten\" \/>\n<script type=\"application\/ld+json\" class=\"yoast-schema-graph\">{\"@context\":\"https:\/\/schema.org\",\"@graph\":[{\"@type\":\"WebPage\",\"@id\":\"https:\/\/foodleader.pl\/kontakt\/\",\"url\":\"https:\/\/foodleader.pl\/kontakt\/\",\"name\":\"Kontakt - Food Leader\",\"isPartOf\":{\"@id\":\"https:\/\/foodleader.pl\/#website\"},\"datePublished\":\"2016-11-01T15:39:46+00:00\",\"dateModified\":\"2025-11-06T19:45:28+00:00\",\"description\":\"Skontaktuj si\u0119 z Food Leader! Oferujemy sprzeda\u017c \u015bwie\u017cych produkt\u00f3w spo\u017cywczych, takich jak jaja, warzywa, owoce i mleko. Zapewniamy najwy\u017csz\u0105 jako\u015b\u0107 i szybk\u0105 dostaw\u0119. Sprawd\u017a nasze dane kontaktowe i z\u0142\u00f3\u017c zam\u00f3wienie ju\u017c dzi\u015b!\",\"breadcrumb\":{\"@id\":\"https:\/\/foodleader.pl\/kontakt\/#breadcrumb\"},\"inLanguage\":\"de\",\"potentialAction\":[{\"@type\":\"ReadAction\",\"target\":[\"https:\/\/foodleader.pl\/kontakt\/\"]}]},{\"@type\":\"BreadcrumbList\",\"@id\":\"https:\/\/foodleader.pl\/kontakt\/#breadcrumb\",\"itemListElement\":[{\"@type\":\"ListItem\",\"position\":1,\"name\":\"Strona g\u0142\u00f3wna\",\"item\":\"https:\/\/foodleader.pl\/\"},{\"@type\":\"ListItem\",\"position\":2,\"name\":\"Kontakt\"}]},{\"@type\":\"WebSite\",\"@id\":\"https:\/\/foodleader.pl\/#website\",\"url\":\"https:\/\/foodleader.pl\/\",\"name\":\"Food Leader\",\"description\":\"Food Leader\",\"potentialAction\":[{\"@type\":\"SearchAction\",\"target\":{\"@type\":\"EntryPoint\",\"urlTemplate\":\"https:\/\/foodleader.pl\/?s={search_term_string}\"},\"query-input\":{\"@type\":\"PropertyValueSpecification\",\"valueRequired\":true,\"valueName\":\"search_term_string\"}}],\"inLanguage\":\"de\"}]}<\/script>\n<!-- \/ Yoast SEO plugin. -->","yoast_head_json":{"title":"Kontakt - Food Leader","description":"Skontaktuj si\u0119 z Food Leader! Oferujemy sprzeda\u017c \u015bwie\u017cych produkt\u00f3w spo\u017cywczych, takich jak jaja, warzywa, owoce i mleko. Zapewniamy najwy\u017csz\u0105 jako\u015b\u0107 i szybk\u0105 dostaw\u0119. Sprawd\u017a nasze dane kontaktowe i z\u0142\u00f3\u017c zam\u00f3wienie ju\u017c dzi\u015b!","robots":{"index":"index","follow":"follow","max-snippet":"max-snippet:-1","max-image-preview":"max-image-preview:large","max-video-preview":"max-video-preview:-1"},"canonical":"https:\/\/foodleader.pl\/kontakt\/","og_locale":"de_DE","og_type":"article","og_title":"Kontakt - Food Leader","og_description":"Skontaktuj si\u0119 z Food Leader! Oferujemy sprzeda\u017c \u015bwie\u017cych produkt\u00f3w spo\u017cywczych, takich jak jaja, warzywa, owoce i mleko. Zapewniamy najwy\u017csz\u0105 jako\u015b\u0107 i szybk\u0105 dostaw\u0119. Sprawd\u017a nasze dane kontaktowe i z\u0142\u00f3\u017c zam\u00f3wienie ju\u017c dzi\u015b!","og_url":"https:\/\/foodleader.pl\/kontakt\/","og_site_name":"Food Leader","article_modified_time":"2025-11-06T19:45:28+00:00","twitter_card":"summary_large_image","twitter_misc":{"Gesch\u00e4tzte Lesezeit":"8\u00a0Minuten"},"schema":{"@context":"https:\/\/schema.org","@graph":[{"@type":"WebPage","@id":"https:\/\/foodleader.pl\/kontakt\/","url":"https:\/\/foodleader.pl\/kontakt\/","name":"Kontakt - Food Leader","isPartOf":{"@id":"https:\/\/foodleader.pl\/#website"},"datePublished":"2016-11-01T15:39:46+00:00","dateModified":"2025-11-06T19:45:28+00:00","description":"Skontaktuj si\u0119 z Food Leader! Oferujemy sprzeda\u017c \u015bwie\u017cych produkt\u00f3w spo\u017cywczych, takich jak jaja, warzywa, owoce i mleko. Zapewniamy najwy\u017csz\u0105 jako\u015b\u0107 i szybk\u0105 dostaw\u0119. Sprawd\u017a nasze dane kontaktowe i z\u0142\u00f3\u017c zam\u00f3wienie ju\u017c dzi\u015b!","breadcrumb":{"@id":"https:\/\/foodleader.pl\/kontakt\/#breadcrumb"},"inLanguage":"de","potentialAction":[{"@type":"ReadAction","target":["https:\/\/foodleader.pl\/kontakt\/"]}]},{"@type":"BreadcrumbList","@id":"https:\/\/foodleader.pl\/kontakt\/#breadcrumb","itemListElement":[{"@type":"ListItem","position":1,"name":"Strona g\u0142\u00f3wna","item":"https:\/\/foodleader.pl\/"},{"@type":"ListItem","position":2,"name":"Kontakt"}]},{"@type":"WebSite","@id":"https:\/\/foodleader.pl\/#website","url":"https:\/\/foodleader.pl\/","name":"Food Leader","description":"Food Leader","potentialAction":[{"@type":"SearchAction","target":{"@type":"EntryPoint","urlTemplate":"https:\/\/foodleader.pl\/?s={search_term_string}"},"query-input":{"@type":"PropertyValueSpecification","valueRequired":true,"valueName":"search_term_string"}}],"inLanguage":"de"}]}},"_links":{"self":[{"href":"https:\/\/foodleader.pl\/de\/wp-json\/wp\/v2\/pages\/11","targetHints":{"allow":["GET"]}}],"collection":[{"href":"https:\/\/foodleader.pl\/de\/wp-json\/wp\/v2\/pages"}],"about":[{"href":"https:\/\/foodleader.pl\/de\/wp-json\/wp\/v2\/types\/page"}],"author":[{"embeddable":true,"href":"https:\/\/foodleader.pl\/de\/wp-json\/wp\/v2\/users\/1"}],"replies":[{"embeddable":true,"href":"https:\/\/foodleader.pl\/de\/wp-json\/wp\/v2\/comments?post=11"}],"version-history":[{"count":92,"href":"https:\/\/foodleader.pl\/de\/wp-json\/wp\/v2\/pages\/11\/revisions"}],"predecessor-version":[{"id":1408,"href":"https:\/\/foodleader.pl\/de\/wp-json\/wp\/v2\/pages\/11\/revisions\/1408"}],"wp:attachment":[{"href":"https:\/\/foodleader.pl\/de\/wp-json\/wp\/v2\/media?parent=11"}],"curies":[{"name":"wp","href":"https:\/\/api.w.org\/{rel}","templated":true}]}}